{"id":824,"date":"2021-12-02T19:37:28","date_gmt":"2021-12-02T19:37:28","guid":{"rendered":"http:\/\/revistabistritei.ro\/?page_id=824"},"modified":"2025-07-03T10:35:14","modified_gmt":"2025-07-03T08:35:14","slug":"comitetul-redactional","status":"publish","type":"page","link":"https:\/\/revistabistritei.ro\/?page_id=824","title":{"rendered":"Comitet redac\u021bional &#8211; Revista Bistri\u021bei"},"content":{"rendered":"<p style=\"color: black;\"><strong>Comitet redac\u021bional \u2013 Revista Bistri\u021bei<\/strong><br \/>To\u021bi membrii sunt afilia\u021bi la: Complexul Muzeal Bistri\u021ba-N\u0103s\u0103ud, Rom\u00e2nia<\/p>\n<figure class=\"wp-block-table is-style-stripes\">\n<table class=\"has-black-color has-text-color has-link-color has-fixed-layout\">\n<thead>\n<tr>\n<th class=\"has-text-align-center\" data-align=\"center\">Nume complet<\/th>\n<th class=\"has-text-align-center\" data-align=\"center\">Rol \u00een redac\u021bie<\/th>\n<th class=\"has-text-align-center\" data-align=\"center\">\u021aara<\/th>\n<\/tr>\n<\/thead>\n<tbody>\n<tr>\n<td class=\"has-text-align-center\" data-align=\"center\">Dr. \u00een arte Alexandru Gavrila\u0219<\/td>\n<td class=\"has-text-align-center\" data-align=\"center\">Coordonator (manager)<\/td>\n<td class=\"has-text-align-center\" data-align=\"center\">Rom\u00e2nia<\/td>\n<\/tr>\n<tr>\n<td class=\"has-text-align-center\" data-align=\"center\">Dr. \u00een istorie Lavinia Moldovan<\/td>\n<td class=\"has-text-align-center\" data-align=\"center\">Redactor-\u0219ef (director)<\/td>\n<td class=\"has-text-align-center\" data-align=\"center\">Rom\u00e2nia<\/td>\n<\/tr>\n<tr>\n<td class=\"has-text-align-center\" data-align=\"center\">Dr. \u00een istorie Radu Z\u0103greanu<\/td>\n<td class=\"has-text-align-center\" data-align=\"center\">Redactor de specialitate, istorie-arheologie<\/td>\n<td class=\"has-text-align-center\" data-align=\"center\">Rom\u00e2nia<\/td>\n<\/tr>\n<tr>\n<td class=\"has-text-align-center\" data-align=\"center\">Dr. \u00een istorie George C. Marinescu<\/td>\n<td class=\"has-text-align-center\" data-align=\"center\">Redactor de specialitate, istorie-arheologie<\/td>\n<td class=\"has-text-align-center\" data-align=\"center\">Rom\u00e2nia<\/td>\n<\/tr>\n<tr>\n<td class=\"has-text-align-center\" data-align=\"center\">Crin-Triandafill Teodorescu<\/td>\n<td class=\"has-text-align-center\" data-align=\"center\">Muzeologie<\/td>\n<td class=\"has-text-align-center\" data-align=\"center\">Rom\u00e2nia<\/td>\n<\/tr>\n<tr>\n<td class=\"has-text-align-center\" data-align=\"center\">Lucian Bilt<\/td>\n<td class=\"has-text-align-center\" data-align=\"center\">Administrator variant\u0103 online<\/td>\n<td class=\"has-text-align-center\" data-align=\"center\">Rom\u00e2nia<\/td>\n<\/tr>\n<\/tbody>\n<\/table>\n<\/figure>\n<input type='hidden' bg_collapse_expand='69e4a0f92ea610081193768' value='69e4a0f92ea610081193768'><input type='hidden' id='bg-show-more-text-69e4a0f92ea610081193768' value='Show More ENG'><input type='hidden' id='bg-show-less-text-69e4a0f92ea610081193768' value='Show Less ENG'><button id='bg-showmore-action-69e4a0f92ea610081193768' class='bg-showmore-plg-button bg-blue-button  '   style=\" color:white;\">Show More ENG<\/button><div id='bg-showmore-hidden-69e4a0f92ea610081193768' ><\/p>\n<figure class=\"wp-block-table is-style-stripes\">\n<table class=\"has-black-color has-text-color has-link-color has-fixed-layout\" style=\"width: 100%\">\n<caption style=\"caption-side: top;text-align: left\">\n<p style=\"color: black\"><strong>Editorial Team \u2013 Revista Bistri\u021bei<\/strong><br \/><em>All members are affiliated with the Bistri\u021ba-N\u0103s\u0103ud County Museum Complex, Romania.<\/em><\/p>\n<\/caption>\n<thead>\n<tr>\n<th class=\"has-text-align-center\" data-align=\"center\" style=\"color: black\">Full Name<\/th>\n<th class=\"has-text-align-center\" data-align=\"center\" style=\"color: black\">Editorial Role<\/th>\n<th class=\"has-text-align-center\" data-align=\"center\" style=\"color: black\">Country<\/th>\n<\/tr>\n<\/thead>\n<tbody>\n<tr>\n<td class=\"has-text-align-center\" data-align=\"center\" style=\"color: black\">PhD in Visual Arts Alexandru Gavrila\u0219<\/td>\n<td class=\"has-text-align-center\" data-align=\"center\" style=\"color: black\">Coordinator (Manager)<\/td>\n<td class=\"has-text-align-center\" data-align=\"center\" style=\"color: black\">Romania<\/td>\n<\/tr>\n<tr>\n<td class=\"has-text-align-center\" data-align=\"center\" style=\"color: black\">PhD in History Lavinia Moldovan<\/td>\n<td class=\"has-text-align-center\" data-align=\"center\" style=\"color: black\">Editor-in-Chief (Director)<\/td>\n<td class=\"has-text-align-center\" data-align=\"center\" style=\"color: black\">Romania<\/td>\n<\/tr>\n<tr>\n<td class=\"has-text-align-center\" data-align=\"center\" style=\"color: black\">PhD in History Radu Z\u0103greanu<\/td>\n<td class=\"has-text-align-center\" data-align=\"center\" style=\"color: black\">Section Editor \u2013 History and Archaeology<\/td>\n<td class=\"has-text-align-center\" data-align=\"center\" style=\"color: black\">Romania<\/td>\n<\/tr>\n<tr>\n<td class=\"has-text-align-center\" data-align=\"center\" style=\"color: black\">PhD in History George C. Marinescu<\/td>\n<td class=\"has-text-align-center\" data-align=\"center\" style=\"color: black\">Section Editor \u2013 History and Archaeology<\/td>\n<td class=\"has-text-align-center\" data-align=\"center\" style=\"color: black\">Romania<\/td>\n<\/tr>\n<tr>\n<td class=\"has-text-align-center\" data-align=\"center\" style=\"color: black\">Crin-Triandafill Teodorescu<\/td>\n<td class=\"has-text-align-center\" data-align=\"center\" style=\"color: black\">Editor \u2013 Museology<\/td>\n<td class=\"has-text-align-center\" data-align=\"center\" style=\"color: black\">Romania<\/td>\n<\/tr>\n<tr>\n<td class=\"has-text-align-center\" data-align=\"center\" style=\"color: black\">Lucian Bilt<\/td>\n<td class=\"has-text-align-center\" data-align=\"center\" style=\"color: black\">Technical Editor \u2013 Online Edition Administrator<\/td>\n<td class=\"has-text-align-center\" data-align=\"center\" style=\"color: black\">Romania<\/td>\n<\/tr>\n<\/tbody>\n<\/table>\n<\/figure>\n<p><\/div>\n\n\n\n<p><\/p>\n","protected":false},"excerpt":{"rendered":"","protected":false},"author":1,"featured_media":0,"parent":0,"menu_order":0,"comment_status":"closed","ping_status":"closed","template":"","meta":{"footnotes":""},"class_list":["post-824","page","type-page","status-publish","hentry"],"yoast_head":"<!-- This site is optimized with the Yoast SEO plugin v22.1 - https:\/\/yoast.com\/wordpress\/plugins\/seo\/ -->\n<title>Comitet redac\u021bional - Revista Bistri\u021bei - Revista Bistritei - Anuarul de specialitate al Complexului Muzeal Bistri\u021ba-N\u0103s\u0103ud<\/title>\n<meta name=\"robots\" content=\"index, follow, max-snippet:-1, max-image-preview:large, max-video-preview:-1\" \/>\n<link rel=\"canonical\" href=\"https:\/\/revistabistritei.ro\/?page_id=824\" \/>\n<meta property=\"og:locale\" content=\"ro_RO\" \/>\n<meta property=\"og:type\" content=\"article\" \/>\n<meta property=\"og:title\" content=\"Comitet redac\u021bional - Revista Bistri\u021bei - Revista Bistritei - Anuarul de specialitate al Complexului Muzeal Bistri\u021ba-N\u0103s\u0103ud\" \/>\n<meta property=\"og:url\" content=\"https:\/\/revistabistritei.ro\/?page_id=824\" \/>\n<meta property=\"og:site_name\" content=\"Revista Bistritei - Anuarul de specialitate al Complexului Muzeal Bistri\u021ba-N\u0103s\u0103ud\" \/>\n<meta property=\"article:publisher\" content=\"https:\/\/www.facebook.com\/revistabistritei\" \/>\n<meta property=\"article:modified_time\" content=\"2025-07-03T08:35:14+00:00\" \/>\n<meta name=\"twitter:card\" content=\"summary_large_image\" \/>\n<meta name=\"twitter:label1\" content=\"Timp estimat pentru citire\" \/>\n\t<meta name=\"twitter:data1\" content=\"1 minut\" \/>\n<script type=\"application\/ld+json\" class=\"yoast-schema-graph\">{\"@context\":\"https:\/\/schema.org\",\"@graph\":[{\"@type\":\"WebPage\",\"@id\":\"https:\/\/revistabistritei.ro\/?page_id=824\",\"url\":\"https:\/\/revistabistritei.ro\/?page_id=824\",\"name\":\"Comitet redac\u021bional - Revista Bistri\u021bei - Revista Bistritei - Anuarul de specialitate al Complexului Muzeal Bistri\u021ba-N\u0103s\u0103ud\",\"isPartOf\":{\"@id\":\"https:\/\/revistabistritei.ro\/#website\"},\"datePublished\":\"2021-12-02T19:37:28+00:00\",\"dateModified\":\"2025-07-03T08:35:14+00:00\",\"breadcrumb\":{\"@id\":\"https:\/\/revistabistritei.ro\/?page_id=824#breadcrumb\"},\"inLanguage\":\"ro-RO\",\"potentialAction\":[{\"@type\":\"ReadAction\",\"target\":[\"https:\/\/revistabistritei.ro\/?page_id=824\"]}]},{\"@type\":\"BreadcrumbList\",\"@id\":\"https:\/\/revistabistritei.ro\/?page_id=824#breadcrumb\",\"itemListElement\":[{\"@type\":\"ListItem\",\"position\":1,\"name\":\"Home\",\"item\":\"https:\/\/revistabistritei.ro\/\"},{\"@type\":\"ListItem\",\"position\":2,\"name\":\"Comitet redac\u021bional &#8211; Revista Bistri\u021bei\"}]},{\"@type\":\"WebSite\",\"@id\":\"https:\/\/revistabistritei.ro\/#website\",\"url\":\"https:\/\/revistabistritei.ro\/\",\"name\":\"Revista Bistritei - Anuarul de specialitate al Complexului Muzeal Bistri\u021ba-N\u0103s\u0103ud\",\"description\":\"Anuarul de specialitate al Complexului Muzeal Bistri\u021ba-N\u0103s\u0103ud\",\"publisher\":{\"@id\":\"https:\/\/revistabistritei.ro\/#organization\"},\"potentialAction\":[{\"@type\":\"SearchAction\",\"target\":{\"@type\":\"EntryPoint\",\"urlTemplate\":\"https:\/\/revistabistritei.ro\/?s={search_term_string}\"},\"query-input\":\"required name=search_term_string\"}],\"inLanguage\":\"ro-RO\"},{\"@type\":\"Organization\",\"@id\":\"https:\/\/revistabistritei.ro\/#organization\",\"name\":\"Revista Bistritei - Anuarul de specialitate al Complexului Muzeal Bistri\u021ba-N\u0103s\u0103ud\",\"url\":\"https:\/\/revistabistritei.ro\/\",\"logo\":{\"@type\":\"ImageObject\",\"inLanguage\":\"ro-RO\",\"@id\":\"https:\/\/revistabistritei.ro\/#\/schema\/logo\/image\/\",\"url\":\"https:\/\/revistabistritei.ro\/wp-content\/uploads\/2021\/12\/cropped-sigla-muzeu-mare-FARA-FOND.png\",\"contentUrl\":\"https:\/\/revistabistritei.ro\/wp-content\/uploads\/2021\/12\/cropped-sigla-muzeu-mare-FARA-FOND.png\",\"width\":512,\"height\":512,\"caption\":\"Revista Bistritei - Anuarul de specialitate al Complexului Muzeal Bistri\u021ba-N\u0103s\u0103ud\"},\"image\":{\"@id\":\"https:\/\/revistabistritei.ro\/#\/schema\/logo\/image\/\"},\"sameAs\":[\"https:\/\/www.facebook.com\/revistabistritei\"]}]}<\/script>\n<!-- \/ Yoast SEO plugin. -->","yoast_head_json":{"title":"Comitet redac\u021bional - Revista Bistri\u021bei - Revista Bistritei - Anuarul de specialitate al Complexului Muzeal Bistri\u021ba-N\u0103s\u0103ud","robots":{"index":"index","follow":"follow","max-snippet":"max-snippet:-1","max-image-preview":"max-image-preview:large","max-video-preview":"max-video-preview:-1"},"canonical":"https:\/\/revistabistritei.ro\/?page_id=824","og_locale":"ro_RO","og_type":"article","og_title":"Comitet redac\u021bional - Revista Bistri\u021bei - Revista Bistritei - Anuarul de specialitate al Complexului Muzeal Bistri\u021ba-N\u0103s\u0103ud","og_url":"https:\/\/revistabistritei.ro\/?page_id=824","og_site_name":"Revista Bistritei - Anuarul de specialitate al Complexului Muzeal Bistri\u021ba-N\u0103s\u0103ud","article_publisher":"https:\/\/www.facebook.com\/revistabistritei","article_modified_time":"2025-07-03T08:35:14+00:00","twitter_card":"summary_large_image","twitter_misc":{"Timp estimat pentru citire":"1 minut"},"schema":{"@context":"https:\/\/schema.org","@graph":[{"@type":"WebPage","@id":"https:\/\/revistabistritei.ro\/?page_id=824","url":"https:\/\/revistabistritei.ro\/?page_id=824","name":"Comitet redac\u021bional - Revista Bistri\u021bei - Revista Bistritei - Anuarul de specialitate al Complexului Muzeal Bistri\u021ba-N\u0103s\u0103ud","isPartOf":{"@id":"https:\/\/revistabistritei.ro\/#website"},"datePublished":"2021-12-02T19:37:28+00:00","dateModified":"2025-07-03T08:35:14+00:00","breadcrumb":{"@id":"https:\/\/revistabistritei.ro\/?page_id=824#breadcrumb"},"inLanguage":"ro-RO","potentialAction":[{"@type":"ReadAction","target":["https:\/\/revistabistritei.ro\/?page_id=824"]}]},{"@type":"BreadcrumbList","@id":"https:\/\/revistabistritei.ro\/?page_id=824#breadcrumb","itemListElement":[{"@type":"ListItem","position":1,"name":"Home","item":"https:\/\/revistabistritei.ro\/"},{"@type":"ListItem","position":2,"name":"Comitet redac\u021bional &#8211; Revista Bistri\u021bei"}]},{"@type":"WebSite","@id":"https:\/\/revistabistritei.ro\/#website","url":"https:\/\/revistabistritei.ro\/","name":"Revista Bistritei - Anuarul de specialitate al Complexului Muzeal Bistri\u021ba-N\u0103s\u0103ud","description":"Anuarul de specialitate al Complexului Muzeal Bistri\u021ba-N\u0103s\u0103ud","publisher":{"@id":"https:\/\/revistabistritei.ro\/#organization"},"potentialAction":[{"@type":"SearchAction","target":{"@type":"EntryPoint","urlTemplate":"https:\/\/revistabistritei.ro\/?s={search_term_string}"},"query-input":"required name=search_term_string"}],"inLanguage":"ro-RO"},{"@type":"Organization","@id":"https:\/\/revistabistritei.ro\/#organization","name":"Revista Bistritei - Anuarul de specialitate al Complexului Muzeal Bistri\u021ba-N\u0103s\u0103ud","url":"https:\/\/revistabistritei.ro\/","logo":{"@type":"ImageObject","inLanguage":"ro-RO","@id":"https:\/\/revistabistritei.ro\/#\/schema\/logo\/image\/","url":"https:\/\/revistabistritei.ro\/wp-content\/uploads\/2021\/12\/cropped-sigla-muzeu-mare-FARA-FOND.png","contentUrl":"https:\/\/revistabistritei.ro\/wp-content\/uploads\/2021\/12\/cropped-sigla-muzeu-mare-FARA-FOND.png","width":512,"height":512,"caption":"Revista Bistritei - Anuarul de specialitate al Complexului Muzeal Bistri\u021ba-N\u0103s\u0103ud"},"image":{"@id":"https:\/\/revistabistritei.ro\/#\/schema\/logo\/image\/"},"sameAs":["https:\/\/www.facebook.com\/revistabistritei"]}]}},"_links":{"self":[{"href":"https:\/\/revistabistritei.ro\/index.php?rest_route=\/wp\/v2\/pages\/824","targetHints":{"allow":["GET"]}}],"collection":[{"href":"https:\/\/revistabistritei.ro\/index.php?rest_route=\/wp\/v2\/pages"}],"about":[{"href":"https:\/\/revistabistritei.ro\/index.php?rest_route=\/wp\/v2\/types\/page"}],"author":[{"embeddable":true,"href":"https:\/\/revistabistritei.ro\/index.php?rest_route=\/wp\/v2\/users\/1"}],"replies":[{"embeddable":true,"href":"https:\/\/revistabistritei.ro\/index.php?rest_route=%2Fwp%2Fv2%2Fcomments&post=824"}],"version-history":[{"count":78,"href":"https:\/\/revistabistritei.ro\/index.php?rest_route=\/wp\/v2\/pages\/824\/revisions"}],"predecessor-version":[{"id":2738,"href":"https:\/\/revistabistritei.ro\/index.php?rest_route=\/wp\/v2\/pages\/824\/revisions\/2738"}],"wp:attachment":[{"href":"https:\/\/revistabistritei.ro\/index.php?rest_route=%2Fwp%2Fv2%2Fmedia&parent=824"}],"curies":[{"name":"wp","href":"https:\/\/api.w.org\/{rel}","templated":true}]}}