{"id":820,"date":"2021-12-02T19:36:35","date_gmt":"2021-12-02T19:36:35","guid":{"rendered":"http:\/\/revistabistritei.ro\/?page_id=820"},"modified":"2025-07-03T16:49:47","modified_gmt":"2025-07-03T14:49:47","slug":"criterii-de-recenzare","status":"publish","type":"page","link":"https:\/\/revistabistritei.ro\/?page_id=820","title":{"rendered":"Ghid de recenzare"},"content":{"rendered":"<div style=\"color: black; text-align: justify; line-height: 1.3;\">\n<h4>\n<p style=\"margin: 0;\"><strong>Date privind procesul de recenzare a articolelor trimise spre publicare \u00een REVISTA BISTRI\u021aEI<\/strong><\/p>\n<\/h4>\n<p style=\"margin: 0;\">Revista Bistri\u021bei respect\u0103 cele mai \u00eenalte standarde de evaluare inter pares (peer-review) \u015fi antreneaz\u0103 \u00een acest sens at\u00e2t cercet\u0103tori \u0219i cadre didactice universitare reputate. Prin sistemul de evaluare inter pares (peer-review), revista \u00ee\u015fi propune selectarea \u015fi publicarea cercet\u0103rilor de cea mai \u00eenalt\u0103 calitate \u00een domeniile istoriei, etnografiei, artei \u0219i muzeologiei. Pentru aceasta, \u00eentregul proces de evaluare peer-review \u015fi publicare este temeinic, obiectiv \u015fi corect.<\/p>\n<p style=\"margin: 0;\">Procedeul este urm\u0103torul: Lucrarea este trimis\u0103 redac\u021biei revistei, care va analiza dac\u0103 articolul corespunde profilului revistei (\u00een func\u0163ie de domeniul de activitate c\u0103ruia i se circumscrie articolul).<\/p>\n<p style=\"margin: 0;\">Dac\u0103 r\u0103spunsul este afirmativ, responsabilul de num\u0103r ia leg\u0103tura cu doi referen\u0163i care apar\u0163in comunit\u0103\u0163ii \u015ftiin\u0163ifice \u015fi sunt speciali\u015fti \u00een domeniul \u015fi tema principal\u0103 a articolului. Referen\u021bii au \u0219apte zile s\u0103 decid\u0103 dac\u0103 accept\u0103 s\u0103-\u015fi exprime opinia asupra articolului. Dac\u0103 dup\u0103 \u015fapte zile unul din referen\u0163i decide c\u0103 nu poate s\u0103 efectueze un referat \u015ftiin\u0163ific asupra articolului, este desemnat un alt specialist de c\u0103tre responsabilul de num\u0103r. Referen\u0163ii au o lun\u0103 la dispozi\u0163ie s\u0103 formuleze aprecieri asupra articolului \u015fi s\u0103 ia o decizie. Cei doi referen\u0163i trebuie s\u0103 aib\u0103 \u00een vedere urm\u0103toarele aspecte \u00een procesul de evaluare a lucr\u0103rii:<\/p>\n<ul style=\"margin: 0;\">\n<li>Importan\u021ba practic\u0103 \u015fi impactul pe care \u00eel are articolul \u00een lumea \u015ftiin\u0163ific\u0103;<\/li>\n<li>Originalitatea articolului \u015fi rezultatele ob\u0163inute;<\/li>\n<li>Nivelul \u015ftiin\u0163ific al articolului;<\/li>\n<li>Con\u021binutul articolului;<\/li>\n<li>Respectarea principiilor etice;<\/li>\n<li>Concluziile \u015fi\/sau recomand\u0103rile, precum \u015fi\/sau viitoarele investiga\u0163ii propuse de c\u0103tre autor (autori).<\/li>\n<\/ul>\n<p style=\"margin: 0;\">Fiecare dintre aceste exigen\u0163e au un punctaj de la 5 la 1.<\/p>\n<p style=\"margin: 0;\">\u00cen final cei doi referen\u0163i pot recomanda una din urm\u0103toarele situa\u0163ii:<\/p>\n<ul style=\"margin: 0;\">\n<li>articolul este acceptat \u00een forma propus\u0103 de autor (autori);<\/li>\n<li>articolul este acceptat dup\u0103 ce se vor efectua corecturile care pot fi majore sau minore;<\/li>\n<li>articolul nu este acceptat \u00een forma actual\u0103.<\/li>\n<\/ul>\n<p style=\"margin: 0;\">Decizia final\u0103 de acceptare sau respingere a articolului \u00eei apar\u0163ine responsabilului de num\u0103r \u015fi este bazat\u0103 pe evalu\u0103rile f\u0103cute de cei doi referen\u0163i.<\/p>\n<p style=\"margin: 0;\"><strong>Concluzii<\/strong><\/p>\n<ul style=\"margin: 0;\">\n<li>Recomand publicarea \u00een forma actual\u0103<\/li>\n<li>Pentru publicare dup\u0103 revizuirea corecturilor<\/li>\n<li>Neacceptat<\/li>\n<\/ul>\n<p style=\"margin: 0;\">Concluziile recenziei prev\u0103d calificativele recomandare, revizuire sau respingere. \u00cen cazul ambelor recenzii negative \u2013 articolul este respins. Dac\u0103 doar o recenzie este negativ\u0103, la decizia redactorului-\u015fef este transmis la a treia recenzare. \u00cen cazul \u00een care se consider\u0103 c\u0103 este nevoie ca articolul s\u0103 fie revizuit, acesta este retransmis autorului \u00eempreun\u0103 cu recomand\u0103rile necesare.<\/p>\n<p style=\"margin: 0;\">* Comentariile vor fi precizate de recenzori \u00een scris, \u00een 5-10 r\u00e2nduri pentru fiecare aspect notat.<\/p>\n<p style=\"margin: 0;\">Recenzorii revistei \u201eRevista Bistri\u021bei\u201d trebuie s\u0103 accepte urm\u0103toarele indica\u0163ii:<\/p>\n<ul style=\"margin: 0;\">\n<li>Toate manuscrisele vor fi recenzate corect, \u00een func\u0163ie de con\u0163inutul lor intelectual, f\u0103r\u0103 a face discrimin\u0103ri legate de genul, rasa, etnia, religia, cet\u0103\u0163enia sau valorile politice ale autorului (autorilor);<\/li>\n<li>Orice conflict de interese constatat \u00een procesul de recenzare trebuie comunicat redactorului;<\/li>\n<li>Orice informa\u021bie privind manuscrisul este confiden\u0163ial\u0103;<\/li>\n<li>Orice informa\u0163ie care conduce la respingerea manuscrisului de la publicare trebuie comunicat\u0103 redactorului;<\/li>\n<li>Exper\u0163ii recenzori sunt datori s\u0103 p\u0103streze confiden\u0163ialitatea, acest lucru extinz\u00e2ndu-se \u015fi asupra acelor colegi ai recenzorilor c\u0103rora le-au fost solicitate (cu permisiunea conducerii redac\u0163iei) opinii asupra unor anumite p\u0103r\u0163i ale respectivelor articole (supuse evalu\u0103rii);<\/li>\n<li>Recenzorii trebuie s\u0103 prezinte rapoarte corecte, \u00een termeni de polite\u0163e, nep\u0103rtinitoare \u015fi juste, \u00een cel mai scurt timp.<\/li>\n<\/ul>\n<\/div>\n\n\n\n<div class=\"wp-block-file\"><a id=\"wp-block-file--media-13216595-8170-4eb3-9b6b-be4fd7bfa291\" href=\"https:\/\/revistabistritei.ro\/wp-content\/uploads\/2025\/07\/Formular-_anexa_recenzare_RO.pdf\">FORMULAR DE RECENZARE PENTRU REVISTA BISTRI\u021aEI_RO<\/a><a href=\"https:\/\/revistabistritei.ro\/wp-content\/uploads\/2025\/07\/Formular-_anexa_recenzare_RO.pdf\" class=\"wp-block-file__button wp-element-button\" download aria-describedby=\"wp-block-file--media-13216595-8170-4eb3-9b6b-be4fd7bfa291\">Descarc\u0103<\/a><\/div>\n\n\n<input type='hidden' bg_collapse_expand='69e4a1a540afe3075080479' value='69e4a1a540afe3075080479'><input type='hidden' id='bg-show-more-text-69e4a1a540afe3075080479' value='Show More ENG'><input type='hidden' id='bg-show-less-text-69e4a1a540afe3075080479' value='Show Less ENG'><button id='bg-showmore-action-69e4a1a540afe3075080479' class='bg-showmore-plg-button bg-blue-button  '   style=\" color:white;\">Show More ENG<\/button><div id='bg-showmore-hidden-69e4a1a540afe3075080479' ><\/p>\n<p style=\"color: black;text-align: justify\"><strong>Peer Review Process for Articles Submitted to Revista Bistri\u021bei<\/strong> -information regarding the peer-review process for articles submitted to the scientific journal of the Bistri\u021ba-N\u0103s\u0103ud Museum Complex &#8211; Revista Bistri\u021bei adheres to the highest standards of peer review and involves both experienced researchers and reputable academic professionals. The journal aims to select and publish high-quality research in the fields of history, ethnography, art, and museology through a rigorous, objective, and fair peer-review process.<\/p>\n<p style=\"color: black;text-align: justify\"><strong>Review Procedure:<\/strong> The manuscript is submitted to the editorial board, which assesses whether the article fits the scope of the journal based on its disciplinary focus. If accepted for review, the issue editor contacts two reviewers who are members of the academic community and specialists in the article\u2019s subject area. Reviewers have seven days to confirm whether they accept the invitation to review. If one of the reviewers declines within that time, the issue editor will appoint a substitute. Reviewers are given one month to evaluate the article and submit their recommendations. Each reviewer assesses the manuscript according to the following criteria:<\/p>\n<ul style=\"color: black;text-align: justify;padding-left: 20px;margin: 0\">\n<li>Practical relevance and scientific impact;<\/li>\n<li>Originality and results presented;<\/li>\n<li>Scholarly quality of the article;<\/li>\n<li>Content structure and clarity;<\/li>\n<li>Adherence to ethical standards;<\/li>\n<li>Conclusions and\/or recommendations, including proposals for future research.<\/li>\n<\/ul>\n<p style=\"color: black;text-align: justify\">Each criterion is rated on a scale from 5 to 1. At the end of the process, reviewers may recommend one of the following outcomes:<\/p>\n<ul style=\"color: black;text-align: justify;padding-left: 20px;margin: 0\">\n<li>The article is accepted as submitted;<\/li>\n<li>The article is accepted pending major or minor revisions;<\/li>\n<li>The article is not accepted in its current form.<\/li>\n<\/ul>\n<p style=\"color: black;text-align: justify\">The final decision to accept or reject the article rests with the issue editor and is based on the reviewers\u2019 assessments. Possible conclusions:<\/p>\n<ul style=\"color: black;text-align: justify;padding-left: 20px;margin: 0\">\n<li>a) Recommended for publication in current form<\/li>\n<li>b) Recommended for publication after revision<\/li>\n<li>c) Not accepted for publication<\/li>\n<\/ul>\n<p style=\"color: black;text-align: justify\">If both reviews are negative, the article is rejected. If only one review is negative, the editor-in-chief may request a third review. If revisions are required, the article is returned to the author(s) with the reviewers\u2019 suggestions. <em>* Reviewers must include written comments (5\u201310 lines) for each assessed criterion.<\/em><\/p>\n<p style=\"color: black;text-align: justify\">Reviewers of Revista Bistri\u021bei must agree to the following guidelines:<\/p>\n<ul style=\"color: black;text-align: justify;padding-left: 20px;margin: 0\">\n<li>All manuscripts must be reviewed fairly and based solely on their intellectual content, without discrimination based on gender, race, ethnicity, religion, citizenship, or political orientation of the author(s);<\/li>\n<li>Any conflict of interest identified during the review process must be reported to the editor;<\/li>\n<li>All information regarding the manuscript is confidential;<\/li>\n<li>Any reason for rejecting a manuscript must be communicated to the editor;<\/li>\n<li>Reviewers are required to maintain confidentiality, including when consulting colleagues (with editorial approval) on specific parts of a manuscript;<\/li>\n<li>Reviews must be accurate, courteous, impartial, and submitted in a timely manner.<\/li>\n<\/ul>\n<p style=\"color: black;text-align: justify\">As per the official Review Form for the scientific journal REVISTA BISTRI\u021aEI (see appendix).<\/p>\n<p><\/div>\n\n\n\n<div class=\"wp-block-file\"><a id=\"wp-block-file--media-7a256fec-caf6-414f-9aa2-906048e64f6d\" href=\"https:\/\/revistabistritei.ro\/wp-content\/uploads\/2025\/07\/Formular-_anexa_recenzare_ENG.pdf\">PEER REVIEW FORM \u2013 REVISTA BISTRI\u021aEI_ENG<\/a><a href=\"https:\/\/revistabistritei.ro\/wp-content\/uploads\/2025\/07\/Formular-_anexa_recenzare_ENG.pdf\" class=\"wp-block-file__button wp-element-button\" download aria-describedby=\"wp-block-file--media-7a256fec-caf6-414f-9aa2-906048e64f6d\">Download<\/a><\/div>\n","protected":false},"excerpt":{"rendered":"","protected":false},"author":1,"featured_media":0,"parent":0,"menu_order":0,"comment_status":"closed","ping_status":"closed","template":"","meta":{"footnotes":""},"class_list":["post-820","page","type-page","status-publish","hentry"],"yoast_head":"<!-- This site is optimized with the Yoast SEO plugin v22.1 - https:\/\/yoast.com\/wordpress\/plugins\/seo\/ -->\n<title>Ghid de recenzare - Revista Bistritei - Anuarul de specialitate al Complexului Muzeal Bistri\u021ba-N\u0103s\u0103ud<\/title>\n<meta name=\"robots\" content=\"index, follow, max-snippet:-1, max-image-preview:large, max-video-preview:-1\" \/>\n<link rel=\"canonical\" href=\"https:\/\/revistabistritei.ro\/?page_id=820\" \/>\n<meta property=\"og:locale\" content=\"ro_RO\" \/>\n<meta property=\"og:type\" content=\"article\" \/>\n<meta property=\"og:title\" content=\"Ghid de recenzare - Revista Bistritei - Anuarul de specialitate al Complexului Muzeal Bistri\u021ba-N\u0103s\u0103ud\" \/>\n<meta property=\"og:url\" content=\"https:\/\/revistabistritei.ro\/?page_id=820\" \/>\n<meta property=\"og:site_name\" content=\"Revista Bistritei - Anuarul de specialitate al Complexului Muzeal Bistri\u021ba-N\u0103s\u0103ud\" \/>\n<meta property=\"article:publisher\" content=\"https:\/\/www.facebook.com\/revistabistritei\" \/>\n<meta property=\"article:modified_time\" content=\"2025-07-03T14:49:47+00:00\" \/>\n<meta name=\"twitter:card\" content=\"summary_large_image\" \/>\n<meta name=\"twitter:label1\" content=\"Timp estimat pentru citire\" \/>\n\t<meta name=\"twitter:data1\" content=\"6 minute\" \/>\n<script type=\"application\/ld+json\" class=\"yoast-schema-graph\">{\"@context\":\"https:\/\/schema.org\",\"@graph\":[{\"@type\":\"WebPage\",\"@id\":\"https:\/\/revistabistritei.ro\/?page_id=820\",\"url\":\"https:\/\/revistabistritei.ro\/?page_id=820\",\"name\":\"Ghid de recenzare - Revista Bistritei - Anuarul de specialitate al Complexului Muzeal Bistri\u021ba-N\u0103s\u0103ud\",\"isPartOf\":{\"@id\":\"https:\/\/revistabistritei.ro\/#website\"},\"datePublished\":\"2021-12-02T19:36:35+00:00\",\"dateModified\":\"2025-07-03T14:49:47+00:00\",\"breadcrumb\":{\"@id\":\"https:\/\/revistabistritei.ro\/?page_id=820#breadcrumb\"},\"inLanguage\":\"ro-RO\",\"potentialAction\":[{\"@type\":\"ReadAction\",\"target\":[\"https:\/\/revistabistritei.ro\/?page_id=820\"]}]},{\"@type\":\"BreadcrumbList\",\"@id\":\"https:\/\/revistabistritei.ro\/?page_id=820#breadcrumb\",\"itemListElement\":[{\"@type\":\"ListItem\",\"position\":1,\"name\":\"Home\",\"item\":\"https:\/\/revistabistritei.ro\/\"},{\"@type\":\"ListItem\",\"position\":2,\"name\":\"Ghid de recenzare\"}]},{\"@type\":\"WebSite\",\"@id\":\"https:\/\/revistabistritei.ro\/#website\",\"url\":\"https:\/\/revistabistritei.ro\/\",\"name\":\"Revista Bistritei - Anuarul de specialitate al Complexului Muzeal Bistri\u021ba-N\u0103s\u0103ud\",\"description\":\"Anuarul de specialitate al Complexului Muzeal Bistri\u021ba-N\u0103s\u0103ud\",\"publisher\":{\"@id\":\"https:\/\/revistabistritei.ro\/#organization\"},\"potentialAction\":[{\"@type\":\"SearchAction\",\"target\":{\"@type\":\"EntryPoint\",\"urlTemplate\":\"https:\/\/revistabistritei.ro\/?s={search_term_string}\"},\"query-input\":\"required name=search_term_string\"}],\"inLanguage\":\"ro-RO\"},{\"@type\":\"Organization\",\"@id\":\"https:\/\/revistabistritei.ro\/#organization\",\"name\":\"Revista Bistritei - Anuarul de specialitate al Complexului Muzeal Bistri\u021ba-N\u0103s\u0103ud\",\"url\":\"https:\/\/revistabistritei.ro\/\",\"logo\":{\"@type\":\"ImageObject\",\"inLanguage\":\"ro-RO\",\"@id\":\"https:\/\/revistabistritei.ro\/#\/schema\/logo\/image\/\",\"url\":\"https:\/\/revistabistritei.ro\/wp-content\/uploads\/2021\/12\/cropped-sigla-muzeu-mare-FARA-FOND.png\",\"contentUrl\":\"https:\/\/revistabistritei.ro\/wp-content\/uploads\/2021\/12\/cropped-sigla-muzeu-mare-FARA-FOND.png\",\"width\":512,\"height\":512,\"caption\":\"Revista Bistritei - Anuarul de specialitate al Complexului Muzeal Bistri\u021ba-N\u0103s\u0103ud\"},\"image\":{\"@id\":\"https:\/\/revistabistritei.ro\/#\/schema\/logo\/image\/\"},\"sameAs\":[\"https:\/\/www.facebook.com\/revistabistritei\"]}]}<\/script>\n<!-- \/ Yoast SEO plugin. -->","yoast_head_json":{"title":"Ghid de recenzare - Revista Bistritei - Anuarul de specialitate al Complexului Muzeal Bistri\u021ba-N\u0103s\u0103ud","robots":{"index":"index","follow":"follow","max-snippet":"max-snippet:-1","max-image-preview":"max-image-preview:large","max-video-preview":"max-video-preview:-1"},"canonical":"https:\/\/revistabistritei.ro\/?page_id=820","og_locale":"ro_RO","og_type":"article","og_title":"Ghid de recenzare - Revista Bistritei - Anuarul de specialitate al Complexului Muzeal Bistri\u021ba-N\u0103s\u0103ud","og_url":"https:\/\/revistabistritei.ro\/?page_id=820","og_site_name":"Revista Bistritei - Anuarul de specialitate al Complexului Muzeal Bistri\u021ba-N\u0103s\u0103ud","article_publisher":"https:\/\/www.facebook.com\/revistabistritei","article_modified_time":"2025-07-03T14:49:47+00:00","twitter_card":"summary_large_image","twitter_misc":{"Timp estimat pentru citire":"6 minute"},"schema":{"@context":"https:\/\/schema.org","@graph":[{"@type":"WebPage","@id":"https:\/\/revistabistritei.ro\/?page_id=820","url":"https:\/\/revistabistritei.ro\/?page_id=820","name":"Ghid de recenzare - Revista Bistritei - Anuarul de specialitate al Complexului Muzeal Bistri\u021ba-N\u0103s\u0103ud","isPartOf":{"@id":"https:\/\/revistabistritei.ro\/#website"},"datePublished":"2021-12-02T19:36:35+00:00","dateModified":"2025-07-03T14:49:47+00:00","breadcrumb":{"@id":"https:\/\/revistabistritei.ro\/?page_id=820#breadcrumb"},"inLanguage":"ro-RO","potentialAction":[{"@type":"ReadAction","target":["https:\/\/revistabistritei.ro\/?page_id=820"]}]},{"@type":"BreadcrumbList","@id":"https:\/\/revistabistritei.ro\/?page_id=820#breadcrumb","itemListElement":[{"@type":"ListItem","position":1,"name":"Home","item":"https:\/\/revistabistritei.ro\/"},{"@type":"ListItem","position":2,"name":"Ghid de recenzare"}]},{"@type":"WebSite","@id":"https:\/\/revistabistritei.ro\/#website","url":"https:\/\/revistabistritei.ro\/","name":"Revista Bistritei - Anuarul de specialitate al Complexului Muzeal Bistri\u021ba-N\u0103s\u0103ud","description":"Anuarul de specialitate al Complexului Muzeal Bistri\u021ba-N\u0103s\u0103ud","publisher":{"@id":"https:\/\/revistabistritei.ro\/#organization"},"potentialAction":[{"@type":"SearchAction","target":{"@type":"EntryPoint","urlTemplate":"https:\/\/revistabistritei.ro\/?s={search_term_string}"},"query-input":"required name=search_term_string"}],"inLanguage":"ro-RO"},{"@type":"Organization","@id":"https:\/\/revistabistritei.ro\/#organization","name":"Revista Bistritei - Anuarul de specialitate al Complexului Muzeal Bistri\u021ba-N\u0103s\u0103ud","url":"https:\/\/revistabistritei.ro\/","logo":{"@type":"ImageObject","inLanguage":"ro-RO","@id":"https:\/\/revistabistritei.ro\/#\/schema\/logo\/image\/","url":"https:\/\/revistabistritei.ro\/wp-content\/uploads\/2021\/12\/cropped-sigla-muzeu-mare-FARA-FOND.png","contentUrl":"https:\/\/revistabistritei.ro\/wp-content\/uploads\/2021\/12\/cropped-sigla-muzeu-mare-FARA-FOND.png","width":512,"height":512,"caption":"Revista Bistritei - Anuarul de specialitate al Complexului Muzeal Bistri\u021ba-N\u0103s\u0103ud"},"image":{"@id":"https:\/\/revistabistritei.ro\/#\/schema\/logo\/image\/"},"sameAs":["https:\/\/www.facebook.com\/revistabistritei"]}]}},"_links":{"self":[{"href":"https:\/\/revistabistritei.ro\/index.php?rest_route=\/wp\/v2\/pages\/820","targetHints":{"allow":["GET"]}}],"collection":[{"href":"https:\/\/revistabistritei.ro\/index.php?rest_route=\/wp\/v2\/pages"}],"about":[{"href":"https:\/\/revistabistritei.ro\/index.php?rest_route=\/wp\/v2\/types\/page"}],"author":[{"embeddable":true,"href":"https:\/\/revistabistritei.ro\/index.php?rest_route=\/wp\/v2\/users\/1"}],"replies":[{"embeddable":true,"href":"https:\/\/revistabistritei.ro\/index.php?rest_route=%2Fwp%2Fv2%2Fcomments&post=820"}],"version-history":[{"count":52,"href":"https:\/\/revistabistritei.ro\/index.php?rest_route=\/wp\/v2\/pages\/820\/revisions"}],"predecessor-version":[{"id":2840,"href":"https:\/\/revistabistritei.ro\/index.php?rest_route=\/wp\/v2\/pages\/820\/revisions\/2840"}],"wp:attachment":[{"href":"https:\/\/revistabistritei.ro\/index.php?rest_route=%2Fwp%2Fv2%2Fmedia&parent=820"}],"curies":[{"name":"wp","href":"https:\/\/api.w.org\/{rel}","templated":true}]}}