{"id":816,"date":"2021-12-02T19:35:11","date_gmt":"2021-12-02T19:35:11","guid":{"rendered":"http:\/\/revistabistritei.ro\/?page_id=816"},"modified":"2025-07-03T16:29:45","modified_gmt":"2025-07-03T14:29:45","slug":"calls-for-papers","status":"publish","type":"page","link":"https:\/\/revistabistritei.ro\/?page_id=816","title":{"rendered":"CALL FOR PAPERS"},"content":{"rendered":"\n<div class=\"wp-block-group\"><div class=\"wp-block-group__inner-container is-layout-flow wp-block-group-is-layout-flow\"><\/div><\/div>\n\n\n<div style=\"color: black; text-align: justify;\">\n<p style=\"margin:0;\"><strong>REVISTA BISTRI\u021aEI<\/strong> accept\u0103 lucr\u0103ri ca articole \u0219tiin\u021bifice originale, lucr\u0103ri de sintez\u0103 despre o tem\u0103 specific\u0103, elaborate \u00een limba rom\u00e2n\u0103 sau o limb\u0103 de circula\u021bie interna\u021bional\u0103 (englez\u0103, francez\u0103, german\u0103). Domeniile de interes sunt: istorie, arheologie, etnografie, art\u0103 \u0219i muzeologie. Acurate\u021bea textului este obliga\u021bia \u015fi responsabilitatea autorului.<\/p>\n<p style=\"margin:0;\">Articolele, \u00eenso\u021bite de declara\u021bia de originalitate, trebuie trimise electronic, p\u00e2n\u0103 \u00een data de 2 decembrie a fiec\u0103rui an, la adresa: <a href=\"mailto:complexmuzealbn@yahoo.com\">complexmuzealbn@yahoo.com<\/a>.<\/p>\n<p style=\"margin:0;\"><strong>Depunere \u0219i arhivare digital\u0103<\/strong><\/p>\n<p style=\"margin:0;\">Toate articolele acceptate sunt arhivate deschis \u00een comunitatea revistei de pe Zenodo: <a href=\"https:\/\/zenodo.org\/communities\/cmbn\">https:\/\/zenodo.org\/communities\/cmbn<\/a><\/p>\n<p style=\"margin:0;\">Fiecare articol va primi un DOI (Digital Object Identifier), iar versiunea final\u0103 \u00een format PDF este disponibil\u0103 cu metadate complete (titlu, autor, rezumat, cuvinte-cheie).<\/p>\n<p style=\"margin:0;\"><strong>Drepturi de autor \u0219i licen\u021b\u0103<\/strong><\/p>\n<p style=\"margin:0;\">Autorii p\u0103streaz\u0103 drepturile asupra lucr\u0103rii. Articolele sunt publicate sub licen\u021b\u0103 <em>Creative Commons Attribution-NonCommercial-NoDerivs 4.0 International (CC BY-NC-ND)<\/em>.<\/p>\n<p style=\"margin:0;\"><strong>Instruc\u021biuni de redactare:<\/strong><\/p>\n<p style=\"margin:0;\">Materialul trebuie trimis \u00eentr-un singur e-mail, \u00een care sunt ata\u0219ate urm\u0103toarele:<\/p>\n<ul style=\"margin:0;\">\n<li>2 fi\u0219iere, unul \u00een format MS Word, LibreOffice etc. \u0219i unul \u00een format PDF \u2013 al articolului propus spre publicare;<\/li>\n<li>\u00een fi\u0219iere separate: ilustra\u021biile, h\u0103r\u021bile \u0219i\/sau plan\u0219ele \u2013 cu numele sub care sunt citate \u00een text.<\/li>\n<\/ul>\n<p style=\"margin:0;\">Lucrarea nu are limit\u0103 \u00een ceea ce prive\u0219te num\u0103rul de pagini \u0219i trebuie s\u0103 fie aranjat\u0103 dup\u0103 cum urmeaz\u0103:<\/p>\n<ol style=\"margin:0;\">\n<li>titlul \u2013 \u00een limba rom\u00e2n\u0103 \u0219i \u00een limba de circula\u021bie interna\u021bional\u0103 pentru care s-a optat (englez\u0103, francez\u0103 sau german\u0103);<\/li>\n<li>numele autorului\/autorilor;<\/li>\n<li>afiliere profesional\u0103 \u015fi adresa de coresponden\u021b\u0103 (\u00een cazul mai multor autori se va preciza care este autorul corespondent);<\/li>\n<li>ORCID (dac\u0103 exist\u0103) \u2013 autorii sunt \u00eencuraja\u021bi s\u0103 furnizeze identificatorul ORCID: <a href=\"https:\/\/orcid.org\">https:\/\/orcid.org<\/a>;<\/li>\n<li>rezumat \u00een limba rom\u00e2n\u0103 \u0219i rezumat \u00een limba de circula\u021bie interna\u021bional\u0103;<\/li>\n<li>cuvintele cheie \u00een limba rom\u00e2n\u0103 \u0219i interna\u021bional\u0103;<\/li>\n<li>textul principal: redactat \u00een TNR 12, spa\u021biere 1.15, aliniat justified;<\/li>\n<li>ilustra\u021biile.<\/li>\n<\/ol>\n<p style=\"margin:0;\"><strong>Structurare con\u021binut:<\/strong><\/p>\n<ul style=\"margin:0;\">\n<li>Titlul \u2013 TNR 12, bold, majuscule, centrat, f\u0103r\u0103 note de subsol;<\/li>\n<li>Autorii \u2013 la dou\u0103 r\u00e2nduri sub titlu, centrat, numele \u00een bold;<\/li>\n<li>Rezumat \u2013 dup\u0103 dou\u0103 r\u00e2nduri, TNR 12 (bold doar \u201eRezumat\/Abstract\u201d), \u00eentre 200-500 caractere, f\u0103r\u0103 prescurt\u0103ri sau cit\u0103ri;<\/li>\n<li>Cuvinte cheie \u2013 5-10, \u00een aceea\u0219i ordine \u00een ambele limbi;<\/li>\n<li>Subtitlurile \u2013 numerotate (1., 2., 3.), cu majuscul\u0103 doar la \u00eenceput, aliniate la st\u00e2nga;<\/li>\n<li>Italic \u2013 folosit pentru cit\u0103ri (f\u0103r\u0103 ghilimele);<\/li>\n<li>Unit\u0103\u021bile de m\u0103sur\u0103 \u2013 folosind SI (Sistemul Interna\u021bional).<\/li>\n<\/ul>\n<p style=\"margin:0;\"><strong>Note de subsol:<\/strong> se introduc la finalul fiec\u0103rei pagini (footnote)<\/p>\n<ul style=\"margin:0;\">\n<li><em>C\u0103r\u021bi \u0219i articole<\/em>: Pa\u0219cu 1858, pp. 200-202<\/li>\n<li><em>Surse arhivistice<\/em>: ANBN, FA, 53, f.12<\/li>\n<li><em>Surse online<\/em>: Paperno 2004; https:\/\/patrimoniu.ro\/&#8230; (data acces\u0103rii)<\/li>\n<\/ul>\n<p style=\"margin:0;\"><strong>Bibliografie:<\/strong><\/p>\n<ol style=\"margin:0;\">\n<li>Titlul \u201eBibliografie\u201d \u2013 TNR 12 bold, aliniat st\u00e2nga;<\/li>\n<li>Include autorii cita\u021bi \u00een text \u0219i \u00een figuri, tabele etc.;<\/li>\n<li>Ordine alfabetic\u0103 dup\u0103 primul autor;<\/li>\n<\/ol>\n<ul style=\"margin:0;\">\n<li><em>C\u0103r\u021bi<\/em>: Pa\u0219cu 1958, Zub 2014, Chindri\u0219 1995<\/li>\n<li><em>Articole<\/em>: Gaiu 2015, Nemeti 2011, Rotea 2022<\/li>\n<li><em>Arhive<\/em>: ANBN, FA, 53, f.12; SJASB, FA, 12a<\/li>\n<li><em>Online<\/em>: Paperno 2004, Tezaur Uman Viu<\/li>\n<\/ul>\n<p style=\"margin:0;\"><strong>Ilustra\u021biile:<\/strong><\/p>\n<ul style=\"margin:0;\">\n<li>Grafice \u2013 \u00een PDF;<\/li>\n<li>Fiecare figur\u0103 separat, cu citare \u00een text (Figura 1), surs\u0103 indicat\u0103, font TNR 12;<\/li>\n<li>Imagini \u2013 minim 300 DPI, format JPG sau TIFF, alb-negru sau color;<\/li>\n<\/ul>\n<p style=\"margin:0;\"><strong>H\u0103r\u021bile:<\/strong> trebuie s\u0103 includ\u0103 Nordul, 2 coordonate\/ax\u0103, scar\u0103 grafic\u0103, localit\u0103\u021bi \u0219i situri men\u021bionate.<\/p>\n<p style=\"margin:0;\"><strong>Tabelele:<\/strong> pagini separate, citate \u00een text (Tabelul 1, 2&#8230;)<\/p>\n<p style=\"margin:0;\"><strong>Evaluare \u0219tiin\u021bific\u0103 \/ Peer Review:<\/strong><\/p>\n<p style=\"margin:0;\">Toate materialele sunt supuse unui proces peer-review realizat de minimum doi referen\u021bi. Editorii \u00ee\u0219i rezerv\u0103 dreptul de a solicita revizuiri sau de a respinge lucr\u0103rile care nu respect\u0103 cerin\u021bele \u0219tiin\u021bifice \u0219i editoriale.<\/p>\n<\/div>\n\n\n\n<div class=\"wp-block-file\"><a id=\"wp-block-file--media-b8f88092-070a-405e-a3f4-1b162606156a\" href=\"https:\/\/revistabistritei.ro\/wp-content\/uploads\/2025\/07\/Declaratie-originalitate-articol_RO.pdf\" target=\"_blank\" rel=\"noreferrer noopener\">DECLARA\u0162IE PRIVIND ORIGINALITATEA LUCR\u0102RII<\/a><a href=\"https:\/\/revistabistritei.ro\/wp-content\/uploads\/2025\/07\/Declaratie-originalitate-articol_RO.pdf\" class=\"wp-block-file__button wp-element-button\" download aria-describedby=\"wp-block-file--media-b8f88092-070a-405e-a3f4-1b162606156a\">Descarc\u0103<\/a><\/div>\n\n\n<input type='hidden' bg_collapse_expand='69e354323a29a6078992459' value='69e354323a29a6078992459'><input type='hidden' id='bg-show-more-text-69e354323a29a6078992459' value='Show More ENG'><input type='hidden' id='bg-show-less-text-69e354323a29a6078992459' value='Show Less ENG'><button id='bg-showmore-action-69e354323a29a6078992459' class='bg-showmore-plg-button bg-blue-button  '   style=\" color:white;\">Show More ENG<\/button><div id='bg-showmore-hidden-69e354323a29a6078992459' ><\/p>\n<div style=\"color: black;text-align: justify;line-height: 1.3\">\n<p style=\"margin: 0\">Revista Bistri\u021bei welcomes submissions of original research articles and thematic synthesis papers written in Romanian or in an internationally circulated language (English, French, or German). Areas of interest include: history, archaeology, ethnography, art, and museology. Authors are solely responsible for the accuracy and integrity of the submitted texts.<\/p>\n<p style=\"margin: 0\">Manuscripts must be submitted electronically, accompanied by a signed declaration of originality, no later than December 2nd of each year, to the following address: <a href=\"mailto:complexmuzealbn@yahoo.com\">complexmuzealbn@yahoo.com<\/a>.<\/p>\n<p style=\"margin: 0\"><strong>Submission and Digital Archiving<\/strong><\/p>\n<p style=\"margin: 0\">All accepted articles are openly archived in the journal\u2019s community on Zenodo: <a href=\"https:\/\/zenodo.org\/communities\/cmbn\">https:\/\/zenodo.org\/communities\/cmbn<\/a><\/p>\n<p style=\"margin: 0\">Each article is assigned a DOI (Digital Object Identifier), and the final PDF version is made available with full metadata (title, author, abstract, keywords).<\/p>\n<p style=\"margin: 0\"><strong>Copyright and Licensing<\/strong><\/p>\n<p style=\"margin: 0\">Authors retain the copyright of their published work. All articles are released under the terms of the Creative Commons Attribution-NonCommercial-NoDerivatives 4.0 International (CC BY-NC-ND) license. More information: <a href=\"https:\/\/creativecommons.org\/licenses\/by-nc-nd\/4.0\/\">https:\/\/creativecommons.org\/licenses\/by-nc-nd\/4.0\/<\/a><\/p>\n<p style=\"margin: 0\"><strong>Manuscript Submission Guidelines<\/strong><\/p>\n<p style=\"margin: 0\">The material must be sent in a single email containing the following attachments:<\/p>\n<ul style=\"margin: 0\">\n<li>Two files of the proposed article: one in MS Word, LibreOffice, or similar format, and one in PDF format.<\/li>\n<li>In separate files: illustrations, maps, and\/or plates \u2013 named exactly as they are referenced in the text.<\/li>\n<\/ul>\n<p style=\"margin: 0\">There is no page limit for the manuscript. The article must be formatted as follows:<\/p>\n<ol style=\"margin: 0\">\n<li>Title \u2013 in Romanian and in the selected international language (English, French, or German);<\/li>\n<li>Author name(s);<\/li>\n<li>Institutional affiliation and contact address of the author(s) (in the case of multiple authors, indicate the corresponding author);<\/li>\n<li>ORCID iD (if available): <a href=\"https:\/\/orcid.org\">https:\/\/orcid.org<\/a><\/li>\n<li>Abstract in Romanian and in the selected international language;<\/li>\n<li>Keywords in Romanian and in the selected international language;<\/li>\n<li>Main text: written in Times New Roman 12 pt, line spacing 1.15, justified alignment.<\/li>\n<li>Illustrations<\/li>\n<\/ol>\n<p style=\"margin: 0\"><strong>Formatting Requirements<\/strong><\/p>\n<ul style=\"margin: 0\">\n<li>Title: must be short, specific, and informative. Written in Times New Roman 12 pt, bold, all uppercase, centred, no footnotes.<\/li>\n<li>Author(s): two lines below the title, centred, in Times New Roman 12 pt. Full names, professional affiliation, and email address. Only names in bold.<\/li>\n<li>Abstract: two lines below, Times New Roman 12 pt (only \u201cAbstract\u201d in bold), 200\u2013500 characters, no abbreviations or citations.<\/li>\n<li>Keywords: below the abstract. 5\u201310 keywords. Abstract and keywords in Romanian first, then in the selected language, in the same order.<\/li>\n<li>Subheadings: numbered (1., 2., 3.), capitalization only at the beginning, aligned left.<\/li>\n<li>Italic: for citations (without quotation marks).<\/li>\n<li>Measurement units: SI system.<\/li>\n<\/ul>\n<p style=\"margin: 0\"><strong>Footnotes<\/strong><\/p>\n<ul style=\"margin: 0\">\n<li><em>Books and articles<\/em>: Pa\u0219cu 1858, pp. 200\u2013202; Gaiu 2015, p. 67<\/li>\n<li><em>Archival sources<\/em>: ANBN, FA, 53, f.12<\/li>\n<li><em>Online sources<\/em>: Paperno, 2004; https:\/\/patrimoniu.ro\/&#8230; accessed on December 3, 2021<\/li>\n<\/ul>\n<p style=\"margin: 0\"><strong>References<\/strong><\/p>\n<ol style=\"margin: 0\">\n<li>The title &#8222;References&#8221; must be in Times New Roman 12 pt, bold, aligned left.<\/li>\n<li>Include all authors cited in text, figures, tables, etc.<\/li>\n<li>Alphabetical order by first author\u2019s last name.<\/li>\n<\/ol>\n<ul style=\"margin: 0\">\n<li><em>Books<\/em>: Pa\u0219cu 1958; Zub 2014; Chindri\u0219 1995<\/li>\n<li><em>Journal articles<\/em>: Gaiu 2015; Nemeti 2011; Rotea 2022<\/li>\n<li><em>Archives<\/em>: ANBN, FA, 53, f.12; SJASB, FA, 12a<\/li>\n<li><em>Online<\/em>: Paperno 2004; Tezaur Uman Viu<\/li>\n<\/ul>\n<p style=\"margin: 0\"><strong>Illustrations<\/strong><\/p>\n<ul style=\"margin: 0\">\n<li>Graphs: exported as PDF.<\/li>\n<li>Each figure separately, referenced in text (e.g., Figure 1), with caption, Times New Roman 12 pt. Images: 300 DPI, JPG or TIFF.<\/li>\n<li>Black-and-white or colour images accepted based on relevance and print capacity.<\/li>\n<\/ul>\n<p style=\"margin: 0\"><strong>Maps<\/strong>: must show North, 2 coordinates per axis, graphic scale, marked sites and localities.<\/p>\n<p style=\"margin: 0\"><strong>Tables<\/strong>: on separate, consecutively numbered pages. Cited as Table 1, 2, etc.<\/p>\n<p style=\"margin: 0\"><strong>Peer Review Process<\/strong><\/p>\n<p style=\"margin: 0\">All submitted manuscripts undergo peer review by at least two independent reviewers. Editors may request revisions or reject manuscripts not meeting editorial and scientific standards.<\/p>\n<\/div>\n<p><\/div>\n\n\n\n<div class=\"wp-block-file\"><a id=\"wp-block-file--media-497d5a34-b718-46ed-ab6f-9591ae809f4c\" href=\"https:\/\/revistabistritei.ro\/wp-content\/uploads\/2025\/07\/Declaratie-originalitate-articol_ENG.pdf\">DECLARATION OF ORIGINALITY_ENG<\/a><a href=\"https:\/\/revistabistritei.ro\/wp-content\/uploads\/2025\/07\/Declaratie-originalitate-articol_ENG.pdf\" class=\"wp-block-file__button wp-element-button\" download aria-describedby=\"wp-block-file--media-497d5a34-b718-46ed-ab6f-9591ae809f4c\">Download<\/a><\/div>\n","protected":false},"excerpt":{"rendered":"","protected":false},"author":1,"featured_media":0,"parent":0,"menu_order":0,"comment_status":"closed","ping_status":"closed","template":"","meta":{"footnotes":""},"class_list":["post-816","page","type-page","status-publish","hentry"],"yoast_head":"<!-- This site is optimized with the Yoast SEO plugin v22.1 - https:\/\/yoast.com\/wordpress\/plugins\/seo\/ -->\n<title>CALL FOR PAPERS - Revista Bistritei - Anuarul de specialitate al Complexului Muzeal Bistri\u021ba-N\u0103s\u0103ud<\/title>\n<meta name=\"robots\" content=\"index, follow, max-snippet:-1, max-image-preview:large, max-video-preview:-1\" \/>\n<link rel=\"canonical\" href=\"https:\/\/revistabistritei.ro\/?page_id=816\" \/>\n<meta property=\"og:locale\" content=\"ro_RO\" \/>\n<meta property=\"og:type\" content=\"article\" \/>\n<meta property=\"og:title\" content=\"CALL FOR PAPERS - Revista Bistritei - Anuarul de specialitate al Complexului Muzeal Bistri\u021ba-N\u0103s\u0103ud\" \/>\n<meta property=\"og:url\" content=\"https:\/\/revistabistritei.ro\/?page_id=816\" \/>\n<meta property=\"og:site_name\" content=\"Revista Bistritei - Anuarul de specialitate al Complexului Muzeal Bistri\u021ba-N\u0103s\u0103ud\" \/>\n<meta property=\"article:publisher\" content=\"https:\/\/www.facebook.com\/revistabistritei\" \/>\n<meta property=\"article:modified_time\" content=\"2025-07-03T14:29:45+00:00\" \/>\n<meta name=\"twitter:card\" content=\"summary_large_image\" \/>\n<meta name=\"twitter:label1\" content=\"Timp estimat pentru citire\" \/>\n\t<meta name=\"twitter:data1\" content=\"7 minute\" \/>\n<script type=\"application\/ld+json\" class=\"yoast-schema-graph\">{\"@context\":\"https:\/\/schema.org\",\"@graph\":[{\"@type\":\"WebPage\",\"@id\":\"https:\/\/revistabistritei.ro\/?page_id=816\",\"url\":\"https:\/\/revistabistritei.ro\/?page_id=816\",\"name\":\"CALL FOR PAPERS - Revista Bistritei - Anuarul de specialitate al Complexului Muzeal Bistri\u021ba-N\u0103s\u0103ud\",\"isPartOf\":{\"@id\":\"https:\/\/revistabistritei.ro\/#website\"},\"datePublished\":\"2021-12-02T19:35:11+00:00\",\"dateModified\":\"2025-07-03T14:29:45+00:00\",\"breadcrumb\":{\"@id\":\"https:\/\/revistabistritei.ro\/?page_id=816#breadcrumb\"},\"inLanguage\":\"ro-RO\",\"potentialAction\":[{\"@type\":\"ReadAction\",\"target\":[\"https:\/\/revistabistritei.ro\/?page_id=816\"]}]},{\"@type\":\"BreadcrumbList\",\"@id\":\"https:\/\/revistabistritei.ro\/?page_id=816#breadcrumb\",\"itemListElement\":[{\"@type\":\"ListItem\",\"position\":1,\"name\":\"Home\",\"item\":\"https:\/\/revistabistritei.ro\/\"},{\"@type\":\"ListItem\",\"position\":2,\"name\":\"CALL FOR PAPERS\"}]},{\"@type\":\"WebSite\",\"@id\":\"https:\/\/revistabistritei.ro\/#website\",\"url\":\"https:\/\/revistabistritei.ro\/\",\"name\":\"Revista Bistritei - Anuarul de specialitate al Complexului Muzeal Bistri\u021ba-N\u0103s\u0103ud\",\"description\":\"Anuarul de specialitate al Complexului Muzeal Bistri\u021ba-N\u0103s\u0103ud\",\"publisher\":{\"@id\":\"https:\/\/revistabistritei.ro\/#organization\"},\"potentialAction\":[{\"@type\":\"SearchAction\",\"target\":{\"@type\":\"EntryPoint\",\"urlTemplate\":\"https:\/\/revistabistritei.ro\/?s={search_term_string}\"},\"query-input\":\"required name=search_term_string\"}],\"inLanguage\":\"ro-RO\"},{\"@type\":\"Organization\",\"@id\":\"https:\/\/revistabistritei.ro\/#organization\",\"name\":\"Revista Bistritei - Anuarul de specialitate al Complexului Muzeal Bistri\u021ba-N\u0103s\u0103ud\",\"url\":\"https:\/\/revistabistritei.ro\/\",\"logo\":{\"@type\":\"ImageObject\",\"inLanguage\":\"ro-RO\",\"@id\":\"https:\/\/revistabistritei.ro\/#\/schema\/logo\/image\/\",\"url\":\"https:\/\/revistabistritei.ro\/wp-content\/uploads\/2021\/12\/cropped-sigla-muzeu-mare-FARA-FOND.png\",\"contentUrl\":\"https:\/\/revistabistritei.ro\/wp-content\/uploads\/2021\/12\/cropped-sigla-muzeu-mare-FARA-FOND.png\",\"width\":512,\"height\":512,\"caption\":\"Revista Bistritei - Anuarul de specialitate al Complexului Muzeal Bistri\u021ba-N\u0103s\u0103ud\"},\"image\":{\"@id\":\"https:\/\/revistabistritei.ro\/#\/schema\/logo\/image\/\"},\"sameAs\":[\"https:\/\/www.facebook.com\/revistabistritei\"]}]}<\/script>\n<!-- \/ Yoast SEO plugin. -->","yoast_head_json":{"title":"CALL FOR PAPERS - Revista Bistritei - Anuarul de specialitate al Complexului Muzeal Bistri\u021ba-N\u0103s\u0103ud","robots":{"index":"index","follow":"follow","max-snippet":"max-snippet:-1","max-image-preview":"max-image-preview:large","max-video-preview":"max-video-preview:-1"},"canonical":"https:\/\/revistabistritei.ro\/?page_id=816","og_locale":"ro_RO","og_type":"article","og_title":"CALL FOR PAPERS - Revista Bistritei - Anuarul de specialitate al Complexului Muzeal Bistri\u021ba-N\u0103s\u0103ud","og_url":"https:\/\/revistabistritei.ro\/?page_id=816","og_site_name":"Revista Bistritei - Anuarul de specialitate al Complexului Muzeal Bistri\u021ba-N\u0103s\u0103ud","article_publisher":"https:\/\/www.facebook.com\/revistabistritei","article_modified_time":"2025-07-03T14:29:45+00:00","twitter_card":"summary_large_image","twitter_misc":{"Timp estimat pentru citire":"7 minute"},"schema":{"@context":"https:\/\/schema.org","@graph":[{"@type":"WebPage","@id":"https:\/\/revistabistritei.ro\/?page_id=816","url":"https:\/\/revistabistritei.ro\/?page_id=816","name":"CALL FOR PAPERS - Revista Bistritei - Anuarul de specialitate al Complexului Muzeal Bistri\u021ba-N\u0103s\u0103ud","isPartOf":{"@id":"https:\/\/revistabistritei.ro\/#website"},"datePublished":"2021-12-02T19:35:11+00:00","dateModified":"2025-07-03T14:29:45+00:00","breadcrumb":{"@id":"https:\/\/revistabistritei.ro\/?page_id=816#breadcrumb"},"inLanguage":"ro-RO","potentialAction":[{"@type":"ReadAction","target":["https:\/\/revistabistritei.ro\/?page_id=816"]}]},{"@type":"BreadcrumbList","@id":"https:\/\/revistabistritei.ro\/?page_id=816#breadcrumb","itemListElement":[{"@type":"ListItem","position":1,"name":"Home","item":"https:\/\/revistabistritei.ro\/"},{"@type":"ListItem","position":2,"name":"CALL FOR PAPERS"}]},{"@type":"WebSite","@id":"https:\/\/revistabistritei.ro\/#website","url":"https:\/\/revistabistritei.ro\/","name":"Revista Bistritei - Anuarul de specialitate al Complexului Muzeal Bistri\u021ba-N\u0103s\u0103ud","description":"Anuarul de specialitate al Complexului Muzeal Bistri\u021ba-N\u0103s\u0103ud","publisher":{"@id":"https:\/\/revistabistritei.ro\/#organization"},"potentialAction":[{"@type":"SearchAction","target":{"@type":"EntryPoint","urlTemplate":"https:\/\/revistabistritei.ro\/?s={search_term_string}"},"query-input":"required name=search_term_string"}],"inLanguage":"ro-RO"},{"@type":"Organization","@id":"https:\/\/revistabistritei.ro\/#organization","name":"Revista Bistritei - Anuarul de specialitate al Complexului Muzeal Bistri\u021ba-N\u0103s\u0103ud","url":"https:\/\/revistabistritei.ro\/","logo":{"@type":"ImageObject","inLanguage":"ro-RO","@id":"https:\/\/revistabistritei.ro\/#\/schema\/logo\/image\/","url":"https:\/\/revistabistritei.ro\/wp-content\/uploads\/2021\/12\/cropped-sigla-muzeu-mare-FARA-FOND.png","contentUrl":"https:\/\/revistabistritei.ro\/wp-content\/uploads\/2021\/12\/cropped-sigla-muzeu-mare-FARA-FOND.png","width":512,"height":512,"caption":"Revista Bistritei - Anuarul de specialitate al Complexului Muzeal Bistri\u021ba-N\u0103s\u0103ud"},"image":{"@id":"https:\/\/revistabistritei.ro\/#\/schema\/logo\/image\/"},"sameAs":["https:\/\/www.facebook.com\/revistabistritei"]}]}},"_links":{"self":[{"href":"https:\/\/revistabistritei.ro\/index.php?rest_route=\/wp\/v2\/pages\/816","targetHints":{"allow":["GET"]}}],"collection":[{"href":"https:\/\/revistabistritei.ro\/index.php?rest_route=\/wp\/v2\/pages"}],"about":[{"href":"https:\/\/revistabistritei.ro\/index.php?rest_route=\/wp\/v2\/types\/page"}],"author":[{"embeddable":true,"href":"https:\/\/revistabistritei.ro\/index.php?rest_route=\/wp\/v2\/users\/1"}],"replies":[{"embeddable":true,"href":"https:\/\/revistabistritei.ro\/index.php?rest_route=%2Fwp%2Fv2%2Fcomments&post=816"}],"version-history":[{"count":44,"href":"https:\/\/revistabistritei.ro\/index.php?rest_route=\/wp\/v2\/pages\/816\/revisions"}],"predecessor-version":[{"id":2824,"href":"https:\/\/revistabistritei.ro\/index.php?rest_route=\/wp\/v2\/pages\/816\/revisions\/2824"}],"wp:attachment":[{"href":"https:\/\/revistabistritei.ro\/index.php?rest_route=%2Fwp%2Fv2%2Fmedia&parent=816"}],"curies":[{"name":"wp","href":"https:\/\/api.w.org\/{rel}","templated":true}]}}